{"id":182,"date":"2023-06-03T05:21:21","date_gmt":"2023-06-03T05:21:21","guid":{"rendered":"https:\/\/neolaina.fi\/?page_id=182"},"modified":"2025-03-26T15:12:59","modified_gmt":"2025-03-26T13:12:59","slug":"lainaehdot-lyhyesti","status":"publish","type":"page","link":"https:\/\/neolaina.fi\/?page_id=182","title":{"rendered":"Lainaehdot lyhyesti"},"content":{"rendered":"\n<p>Ollakseen oikeutettu Neolaina.fi lainaan, hakijan on t\u00e4ytett\u00e4v\u00e4 seuraavat ehdot:<\/p>\n\n\n\n<ul class=\"wp-block-list\">\n<li>T\u00e4ytyy olla pysyv\u00e4 osoite Suomessa<\/li>\n\n\n\n<li>T\u00e4ytyy olla v\u00e4hint\u00e4\u00e4n 18 vuotias<\/li>\n\n\n\n<li>Ei saisi olla avoimia maksuh\u00e4iri\u00f6it\u00e4 (my\u00f6s viimeisen 90 p\u00e4iv\u00e4n aikana)<\/li>\n<\/ul>\n\n\n\n<p>Lis\u00e4ksi lainanhakijalla tulee olla suomalainen pankkitili, johon on liitetty verkkopankkitunnukset.<br>Lainanantajalla on oikeus hyl\u00e4t\u00e4 lainahakemus ilman erillist\u00e4 perustelua.<br>Jos laina hyv\u00e4ksyt\u00e4\u00e4n, lainasumma siirret\u00e4\u00e4n lainanottajan ilmoittamalle pankkitilille.<\/p>\n\n\n\n<p>On t\u00e4rke\u00e4\u00e4 huomata, ett\u00e4 lainan hakemiseen liittyy maksu, joka veloitetaan vain, mik\u00e4li laina hyv\u00e4ksyt\u00e4\u00e4n eik\u00e4 lainasopimusta peruuteta 14 p\u00e4iv\u00e4n kuluessa. Maksat erikseen lainap\u00e4\u00e4oman ja koron sek\u00e4 mahdollisen sopimusmaksun ja lis\u00e4palveluista aiheutuvat kulut. Lainanottajalla on my\u00f6s mahdollisuus siirt\u00e4\u00e4 er\u00e4p\u00e4iv\u00e4\u00e4 Neolaina.fi:n lainaehtojen mukaisesti.<\/p>\n","protected":false},"excerpt":{"rendered":"<p>Ollakseen oikeutettu Neolaina.fi lainaan, hakijan on t\u00e4ytett\u00e4v\u00e4 seuraavat ehdot: Lis\u00e4ksi lainanhakijalla tulee olla suomalainen pankkitili, johon on liitetty verkkopankkitunnukset.Lainanantajalla on oikeus hyl\u00e4t\u00e4 lainahakemus ilman erillist\u00e4 perustelua.Jos laina hyv\u00e4ksyt\u00e4\u00e4n, lainasumma siirret\u00e4\u00e4n lainanottajan ilmoittamalle pankkitilille. On t\u00e4rke\u00e4\u00e4 huomata, ett\u00e4 lainan hakemiseen liittyy maksu, joka veloitetaan vain, mik\u00e4li laina hyv\u00e4ksyt\u00e4\u00e4n eik\u00e4 lainasopimusta peruuteta 14 p\u00e4iv\u00e4n kuluessa. Maksat erikseen [&hellip;]<\/p>\n","protected":false},"author":3,"featured_media":0,"parent":0,"menu_order":0,"comment_status":"closed","ping_status":"closed","template":"loan-terms.php","meta":{"inline_featured_image":false,"footnotes":""},"class_list":["post-182","page","type-page","status-publish","hentry"],"acf":[],"yoast_head":"<!-- This site is optimized with the Yoast SEO plugin v27.4 - https:\/\/yoast.com\/product\/yoast-seo-wordpress\/ -->\n<title>Lainaehdot lyhyesti - Neolaina.fi<\/title>\n<meta name=\"robots\" content=\"index, follow, max-snippet:-1, max-image-preview:large, max-video-preview:-1\" \/>\n<link rel=\"canonical\" href=\"https:\/\/neolaina.fi\/?page_id=182\" \/>\n<meta property=\"og:locale\" content=\"en_US\" \/>\n<meta property=\"og:type\" content=\"article\" \/>\n<meta property=\"og:title\" content=\"Lainaehdot lyhyesti - Neolaina.fi\" \/>\n<meta property=\"og:description\" content=\"Ollakseen oikeutettu Neolaina.fi lainaan, hakijan on t\u00e4ytett\u00e4v\u00e4 seuraavat ehdot: Lis\u00e4ksi lainanhakijalla tulee olla suomalainen pankkitili, johon on liitetty verkkopankkitunnukset.Lainanantajalla on oikeus hyl\u00e4t\u00e4 lainahakemus ilman erillist\u00e4 perustelua.Jos laina hyv\u00e4ksyt\u00e4\u00e4n, lainasumma siirret\u00e4\u00e4n lainanottajan ilmoittamalle pankkitilille. On t\u00e4rke\u00e4\u00e4 huomata, ett\u00e4 lainan hakemiseen liittyy maksu, joka veloitetaan vain, mik\u00e4li laina hyv\u00e4ksyt\u00e4\u00e4n eik\u00e4 lainasopimusta peruuteta 14 p\u00e4iv\u00e4n kuluessa. Maksat erikseen [&hellip;]\" \/>\n<meta property=\"og:url\" content=\"https:\/\/neolaina.fi\/?page_id=182\" \/>\n<meta property=\"og:site_name\" content=\"Neolaina.fi\" \/>\n<meta property=\"article:modified_time\" content=\"2025-03-26T13:12:59+00:00\" \/>\n<meta name=\"twitter:card\" content=\"summary_large_image\" \/>\n<meta name=\"twitter:label1\" content=\"Est. reading time\" \/>\n\t<meta name=\"twitter:data1\" content=\"1 minute\" \/>\n<script type=\"application\/ld+json\" class=\"yoast-schema-graph\">{\"@context\":\"https:\\\/\\\/schema.org\",\"@graph\":[{\"@type\":\"WebPage\",\"@id\":\"https:\\\/\\\/neolaina.fi\\\/?page_id=182\",\"url\":\"https:\\\/\\\/neolaina.fi\\\/?page_id=182\",\"name\":\"Lainaehdot lyhyesti - Neolaina.fi\",\"isPartOf\":{\"@id\":\"https:\\\/\\\/neolaina.fi\\\/#website\"},\"datePublished\":\"2023-06-03T05:21:21+00:00\",\"dateModified\":\"2025-03-26T13:12:59+00:00\",\"breadcrumb\":{\"@id\":\"https:\\\/\\\/neolaina.fi\\\/?page_id=182#breadcrumb\"},\"inLanguage\":\"en-US\",\"potentialAction\":[{\"@type\":\"ReadAction\",\"target\":[\"https:\\\/\\\/neolaina.fi\\\/?page_id=182\"]}]},{\"@type\":\"BreadcrumbList\",\"@id\":\"https:\\\/\\\/neolaina.fi\\\/?page_id=182#breadcrumb\",\"itemListElement\":[{\"@type\":\"ListItem\",\"position\":1,\"name\":\"Home\",\"item\":\"https:\\\/\\\/neolaina.fi\\\/\"},{\"@type\":\"ListItem\",\"position\":2,\"name\":\"Lainaehdot lyhyesti\"}]},{\"@type\":\"WebSite\",\"@id\":\"https:\\\/\\\/neolaina.fi\\\/#website\",\"url\":\"https:\\\/\\\/neolaina.fi\\\/\",\"name\":\"Neolaina.fi\",\"description\":\"Neolaina pikalaina, vippi\",\"publisher\":{\"@id\":\"https:\\\/\\\/neolaina.fi\\\/#organization\"},\"potentialAction\":[{\"@type\":\"SearchAction\",\"target\":{\"@type\":\"EntryPoint\",\"urlTemplate\":\"https:\\\/\\\/neolaina.fi\\\/?s={search_term_string}\"},\"query-input\":{\"@type\":\"PropertyValueSpecification\",\"valueRequired\":true,\"valueName\":\"search_term_string\"}}],\"inLanguage\":\"en-US\"},{\"@type\":\"Organization\",\"@id\":\"https:\\\/\\\/neolaina.fi\\\/#organization\",\"name\":\"Neolaina.fi\",\"url\":\"https:\\\/\\\/neolaina.fi\\\/\",\"logo\":{\"@type\":\"ImageObject\",\"inLanguage\":\"en-US\",\"@id\":\"https:\\\/\\\/neolaina.fi\\\/#\\\/schema\\\/logo\\\/image\\\/\",\"url\":\"https:\\\/\\\/neolaina.fi\\\/wp-content\\\/uploads\\\/2023\\\/06\\\/cash24-fi-logo.svg\",\"contentUrl\":\"https:\\\/\\\/neolaina.fi\\\/wp-content\\\/uploads\\\/2023\\\/06\\\/cash24-fi-logo.svg\",\"width\":196,\"height\":42,\"caption\":\"Neolaina.fi\"},\"image\":{\"@id\":\"https:\\\/\\\/neolaina.fi\\\/#\\\/schema\\\/logo\\\/image\\\/\"}}]}<\/script>\n<!-- \/ Yoast SEO plugin. -->","yoast_head_json":{"title":"Lainaehdot lyhyesti - Neolaina.fi","robots":{"index":"index","follow":"follow","max-snippet":"max-snippet:-1","max-image-preview":"max-image-preview:large","max-video-preview":"max-video-preview:-1"},"canonical":"https:\/\/neolaina.fi\/?page_id=182","og_locale":"en_US","og_type":"article","og_title":"Lainaehdot lyhyesti - Neolaina.fi","og_description":"Ollakseen oikeutettu Neolaina.fi lainaan, hakijan on t\u00e4ytett\u00e4v\u00e4 seuraavat ehdot: Lis\u00e4ksi lainanhakijalla tulee olla suomalainen pankkitili, johon on liitetty verkkopankkitunnukset.Lainanantajalla on oikeus hyl\u00e4t\u00e4 lainahakemus ilman erillist\u00e4 perustelua.Jos laina hyv\u00e4ksyt\u00e4\u00e4n, lainasumma siirret\u00e4\u00e4n lainanottajan ilmoittamalle pankkitilille. On t\u00e4rke\u00e4\u00e4 huomata, ett\u00e4 lainan hakemiseen liittyy maksu, joka veloitetaan vain, mik\u00e4li laina hyv\u00e4ksyt\u00e4\u00e4n eik\u00e4 lainasopimusta peruuteta 14 p\u00e4iv\u00e4n kuluessa. Maksat erikseen [&hellip;]","og_url":"https:\/\/neolaina.fi\/?page_id=182","og_site_name":"Neolaina.fi","article_modified_time":"2025-03-26T13:12:59+00:00","twitter_card":"summary_large_image","twitter_misc":{"Est. reading time":"1 minute"},"schema":{"@context":"https:\/\/schema.org","@graph":[{"@type":"WebPage","@id":"https:\/\/neolaina.fi\/?page_id=182","url":"https:\/\/neolaina.fi\/?page_id=182","name":"Lainaehdot lyhyesti - Neolaina.fi","isPartOf":{"@id":"https:\/\/neolaina.fi\/#website"},"datePublished":"2023-06-03T05:21:21+00:00","dateModified":"2025-03-26T13:12:59+00:00","breadcrumb":{"@id":"https:\/\/neolaina.fi\/?page_id=182#breadcrumb"},"inLanguage":"en-US","potentialAction":[{"@type":"ReadAction","target":["https:\/\/neolaina.fi\/?page_id=182"]}]},{"@type":"BreadcrumbList","@id":"https:\/\/neolaina.fi\/?page_id=182#breadcrumb","itemListElement":[{"@type":"ListItem","position":1,"name":"Home","item":"https:\/\/neolaina.fi\/"},{"@type":"ListItem","position":2,"name":"Lainaehdot lyhyesti"}]},{"@type":"WebSite","@id":"https:\/\/neolaina.fi\/#website","url":"https:\/\/neolaina.fi\/","name":"Neolaina.fi","description":"Neolaina pikalaina, vippi","publisher":{"@id":"https:\/\/neolaina.fi\/#organization"},"potentialAction":[{"@type":"SearchAction","target":{"@type":"EntryPoint","urlTemplate":"https:\/\/neolaina.fi\/?s={search_term_string}"},"query-input":{"@type":"PropertyValueSpecification","valueRequired":true,"valueName":"search_term_string"}}],"inLanguage":"en-US"},{"@type":"Organization","@id":"https:\/\/neolaina.fi\/#organization","name":"Neolaina.fi","url":"https:\/\/neolaina.fi\/","logo":{"@type":"ImageObject","inLanguage":"en-US","@id":"https:\/\/neolaina.fi\/#\/schema\/logo\/image\/","url":"https:\/\/neolaina.fi\/wp-content\/uploads\/2023\/06\/cash24-fi-logo.svg","contentUrl":"https:\/\/neolaina.fi\/wp-content\/uploads\/2023\/06\/cash24-fi-logo.svg","width":196,"height":42,"caption":"Neolaina.fi"},"image":{"@id":"https:\/\/neolaina.fi\/#\/schema\/logo\/image\/"}}]}},"_links":{"self":[{"href":"https:\/\/neolaina.fi\/index.php?rest_route=\/wp\/v2\/pages\/182","targetHints":{"allow":["GET"]}}],"collection":[{"href":"https:\/\/neolaina.fi\/index.php?rest_route=\/wp\/v2\/pages"}],"about":[{"href":"https:\/\/neolaina.fi\/index.php?rest_route=\/wp\/v2\/types\/page"}],"author":[{"embeddable":true,"href":"https:\/\/neolaina.fi\/index.php?rest_route=\/wp\/v2\/users\/3"}],"replies":[{"embeddable":true,"href":"https:\/\/neolaina.fi\/index.php?rest_route=%2Fwp%2Fv2%2Fcomments&post=182"}],"version-history":[{"count":14,"href":"https:\/\/neolaina.fi\/index.php?rest_route=\/wp\/v2\/pages\/182\/revisions"}],"predecessor-version":[{"id":1482,"href":"https:\/\/neolaina.fi\/index.php?rest_route=\/wp\/v2\/pages\/182\/revisions\/1482"}],"wp:attachment":[{"href":"https:\/\/neolaina.fi\/index.php?rest_route=%2Fwp%2Fv2%2Fmedia&parent=182"}],"curies":[{"name":"wp","href":"https:\/\/api.w.org\/{rel}","templated":true}]}}