{"id":416,"date":"2023-06-14T11:05:27","date_gmt":"2023-06-14T11:05:27","guid":{"rendered":"https:\/\/neolaina.fi\/?page_id=416"},"modified":"2026-03-17T08:49:04","modified_gmt":"2026-03-17T06:49:04","slug":"lainaa-200","status":"publish","type":"page","link":"https:\/\/neolaina.fi\/?page_id=416","title":{"rendered":"200 euron laina jokaiseen tarkoitukseen"},"content":{"rendered":"","protected":false},"excerpt":{"rendered":"","protected":false},"author":2,"featured_media":998,"parent":0,"menu_order":0,"comment_status":"closed","ping_status":"closed","template":"small-amount.php","meta":{"inline_featured_image":false,"footnotes":""},"class_list":["post-416","page","type-page","status-publish","has-post-thumbnail","hentry"],"acf":[],"yoast_head":"<!-- This site is optimized with the Yoast SEO plugin v27.4 - https:\/\/yoast.com\/product\/yoast-seo-wordpress\/ -->\n<title>Lainaa 200\u20ac | 200\u20ac euron laina jokaiseen tarkoitukseen - Neolaina.fi<\/title>\n<meta name=\"description\" content=\"Tarvitsetko k\u00e4teist\u00e4 odottamattomiin menoihin? Harkitse lyhytaikaista 200 euron lainaa. Saat nopean hyv\u00e4ksynn\u00e4n ja helpot takaisinmaksuvaihtoehdot.\" \/>\n<meta name=\"robots\" content=\"index, follow, max-snippet:-1, max-image-preview:large, max-video-preview:-1\" \/>\n<link rel=\"canonical\" href=\"https:\/\/neolaina.fi\/?page_id=416\" \/>\n<meta property=\"og:locale\" content=\"en_US\" \/>\n<meta property=\"og:type\" content=\"article\" \/>\n<meta property=\"og:title\" content=\"Lainaa 200\u20ac | 200\u20ac euron laina jokaiseen tarkoitukseen - Neolaina.fi\" \/>\n<meta property=\"og:description\" content=\"Tarvitsetko k\u00e4teist\u00e4 odottamattomiin menoihin? Harkitse lyhytaikaista 200 euron lainaa. Saat nopean hyv\u00e4ksynn\u00e4n ja helpot takaisinmaksuvaihtoehdot.\" \/>\n<meta property=\"og:url\" content=\"https:\/\/neolaina.fi\/?page_id=416\" \/>\n<meta property=\"og:site_name\" content=\"Neolaina.fi\" \/>\n<meta property=\"article:modified_time\" content=\"2026-03-17T06:49:04+00:00\" \/>\n<meta property=\"og:image\" content=\"https:\/\/neolaina.fi\/wp-content\/uploads\/2023\/08\/Neolaina-meta-hero.png\" \/>\n\t<meta property=\"og:image:width\" content=\"1200\" \/>\n\t<meta property=\"og:image:height\" content=\"630\" \/>\n\t<meta property=\"og:image:type\" content=\"image\/png\" \/>\n<meta name=\"twitter:card\" content=\"summary_large_image\" \/>\n<meta name=\"twitter:label1\" content=\"Est. reading time\" \/>\n\t<meta name=\"twitter:data1\" content=\"1 minute\" \/>\n<script type=\"application\/ld+json\" class=\"yoast-schema-graph\">{\"@context\":\"https:\\\/\\\/schema.org\",\"@graph\":[{\"@type\":\"WebPage\",\"@id\":\"https:\\\/\\\/neolaina.fi\\\/?page_id=416\",\"url\":\"https:\\\/\\\/neolaina.fi\\\/?page_id=416\",\"name\":\"Lainaa 200\u20ac | 200\u20ac euron laina jokaiseen tarkoitukseen - Neolaina.fi\",\"isPartOf\":{\"@id\":\"https:\\\/\\\/neolaina.fi\\\/#website\"},\"primaryImageOfPage\":{\"@id\":\"https:\\\/\\\/neolaina.fi\\\/?page_id=416#primaryimage\"},\"image\":{\"@id\":\"https:\\\/\\\/neolaina.fi\\\/?page_id=416#primaryimage\"},\"thumbnailUrl\":\"https:\\\/\\\/neolaina.fi\\\/wp-content\\\/uploads\\\/2023\\\/08\\\/Neolaina-meta-hero.png\",\"datePublished\":\"2023-06-14T11:05:27+00:00\",\"dateModified\":\"2026-03-17T06:49:04+00:00\",\"description\":\"Tarvitsetko k\u00e4teist\u00e4 odottamattomiin menoihin? Harkitse lyhytaikaista 200 euron lainaa. Saat nopean hyv\u00e4ksynn\u00e4n ja helpot takaisinmaksuvaihtoehdot.\",\"breadcrumb\":{\"@id\":\"https:\\\/\\\/neolaina.fi\\\/?page_id=416#breadcrumb\"},\"inLanguage\":\"en-US\",\"potentialAction\":[{\"@type\":\"ReadAction\",\"target\":[\"https:\\\/\\\/neolaina.fi\\\/?page_id=416\"]}]},{\"@type\":\"ImageObject\",\"inLanguage\":\"en-US\",\"@id\":\"https:\\\/\\\/neolaina.fi\\\/?page_id=416#primaryimage\",\"url\":\"https:\\\/\\\/neolaina.fi\\\/wp-content\\\/uploads\\\/2023\\\/08\\\/Neolaina-meta-hero.png\",\"contentUrl\":\"https:\\\/\\\/neolaina.fi\\\/wp-content\\\/uploads\\\/2023\\\/08\\\/Neolaina-meta-hero.png\",\"width\":1200,\"height\":630,\"caption\":\"Neolaina meta hero\"},{\"@type\":\"BreadcrumbList\",\"@id\":\"https:\\\/\\\/neolaina.fi\\\/?page_id=416#breadcrumb\",\"itemListElement\":[{\"@type\":\"ListItem\",\"position\":1,\"name\":\"Home\",\"item\":\"https:\\\/\\\/neolaina.fi\\\/\"},{\"@type\":\"ListItem\",\"position\":2,\"name\":\"200 euron laina jokaiseen tarkoitukseen\"}]},{\"@type\":\"WebSite\",\"@id\":\"https:\\\/\\\/neolaina.fi\\\/#website\",\"url\":\"https:\\\/\\\/neolaina.fi\\\/\",\"name\":\"Neolaina.fi\",\"description\":\"Neolaina pikalaina, vippi\",\"publisher\":{\"@id\":\"https:\\\/\\\/neolaina.fi\\\/#organization\"},\"potentialAction\":[{\"@type\":\"SearchAction\",\"target\":{\"@type\":\"EntryPoint\",\"urlTemplate\":\"https:\\\/\\\/neolaina.fi\\\/?s={search_term_string}\"},\"query-input\":{\"@type\":\"PropertyValueSpecification\",\"valueRequired\":true,\"valueName\":\"search_term_string\"}}],\"inLanguage\":\"en-US\"},{\"@type\":\"Organization\",\"@id\":\"https:\\\/\\\/neolaina.fi\\\/#organization\",\"name\":\"Neolaina.fi\",\"url\":\"https:\\\/\\\/neolaina.fi\\\/\",\"logo\":{\"@type\":\"ImageObject\",\"inLanguage\":\"en-US\",\"@id\":\"https:\\\/\\\/neolaina.fi\\\/#\\\/schema\\\/logo\\\/image\\\/\",\"url\":\"https:\\\/\\\/neolaina.fi\\\/wp-content\\\/uploads\\\/2023\\\/06\\\/cash24-fi-logo.svg\",\"contentUrl\":\"https:\\\/\\\/neolaina.fi\\\/wp-content\\\/uploads\\\/2023\\\/06\\\/cash24-fi-logo.svg\",\"width\":196,\"height\":42,\"caption\":\"Neolaina.fi\"},\"image\":{\"@id\":\"https:\\\/\\\/neolaina.fi\\\/#\\\/schema\\\/logo\\\/image\\\/\"}}]}<\/script>\n<!-- \/ Yoast SEO plugin. -->","yoast_head_json":{"title":"Lainaa 200\u20ac | 200\u20ac euron laina jokaiseen tarkoitukseen - Neolaina.fi","description":"Tarvitsetko k\u00e4teist\u00e4 odottamattomiin menoihin? Harkitse lyhytaikaista 200 euron lainaa. Saat nopean hyv\u00e4ksynn\u00e4n ja helpot takaisinmaksuvaihtoehdot.","robots":{"index":"index","follow":"follow","max-snippet":"max-snippet:-1","max-image-preview":"max-image-preview:large","max-video-preview":"max-video-preview:-1"},"canonical":"https:\/\/neolaina.fi\/?page_id=416","og_locale":"en_US","og_type":"article","og_title":"Lainaa 200\u20ac | 200\u20ac euron laina jokaiseen tarkoitukseen - Neolaina.fi","og_description":"Tarvitsetko k\u00e4teist\u00e4 odottamattomiin menoihin? Harkitse lyhytaikaista 200 euron lainaa. Saat nopean hyv\u00e4ksynn\u00e4n ja helpot takaisinmaksuvaihtoehdot.","og_url":"https:\/\/neolaina.fi\/?page_id=416","og_site_name":"Neolaina.fi","article_modified_time":"2026-03-17T06:49:04+00:00","og_image":[{"width":1200,"height":630,"url":"https:\/\/neolaina.fi\/wp-content\/uploads\/2023\/08\/Neolaina-meta-hero.png","type":"image\/png"}],"twitter_card":"summary_large_image","twitter_misc":{"Est. reading time":"1 minute"},"schema":{"@context":"https:\/\/schema.org","@graph":[{"@type":"WebPage","@id":"https:\/\/neolaina.fi\/?page_id=416","url":"https:\/\/neolaina.fi\/?page_id=416","name":"Lainaa 200\u20ac | 200\u20ac euron laina jokaiseen tarkoitukseen - Neolaina.fi","isPartOf":{"@id":"https:\/\/neolaina.fi\/#website"},"primaryImageOfPage":{"@id":"https:\/\/neolaina.fi\/?page_id=416#primaryimage"},"image":{"@id":"https:\/\/neolaina.fi\/?page_id=416#primaryimage"},"thumbnailUrl":"https:\/\/neolaina.fi\/wp-content\/uploads\/2023\/08\/Neolaina-meta-hero.png","datePublished":"2023-06-14T11:05:27+00:00","dateModified":"2026-03-17T06:49:04+00:00","description":"Tarvitsetko k\u00e4teist\u00e4 odottamattomiin menoihin? Harkitse lyhytaikaista 200 euron lainaa. Saat nopean hyv\u00e4ksynn\u00e4n ja helpot takaisinmaksuvaihtoehdot.","breadcrumb":{"@id":"https:\/\/neolaina.fi\/?page_id=416#breadcrumb"},"inLanguage":"en-US","potentialAction":[{"@type":"ReadAction","target":["https:\/\/neolaina.fi\/?page_id=416"]}]},{"@type":"ImageObject","inLanguage":"en-US","@id":"https:\/\/neolaina.fi\/?page_id=416#primaryimage","url":"https:\/\/neolaina.fi\/wp-content\/uploads\/2023\/08\/Neolaina-meta-hero.png","contentUrl":"https:\/\/neolaina.fi\/wp-content\/uploads\/2023\/08\/Neolaina-meta-hero.png","width":1200,"height":630,"caption":"Neolaina meta hero"},{"@type":"BreadcrumbList","@id":"https:\/\/neolaina.fi\/?page_id=416#breadcrumb","itemListElement":[{"@type":"ListItem","position":1,"name":"Home","item":"https:\/\/neolaina.fi\/"},{"@type":"ListItem","position":2,"name":"200 euron laina jokaiseen tarkoitukseen"}]},{"@type":"WebSite","@id":"https:\/\/neolaina.fi\/#website","url":"https:\/\/neolaina.fi\/","name":"Neolaina.fi","description":"Neolaina pikalaina, vippi","publisher":{"@id":"https:\/\/neolaina.fi\/#organization"},"potentialAction":[{"@type":"SearchAction","target":{"@type":"EntryPoint","urlTemplate":"https:\/\/neolaina.fi\/?s={search_term_string}"},"query-input":{"@type":"PropertyValueSpecification","valueRequired":true,"valueName":"search_term_string"}}],"inLanguage":"en-US"},{"@type":"Organization","@id":"https:\/\/neolaina.fi\/#organization","name":"Neolaina.fi","url":"https:\/\/neolaina.fi\/","logo":{"@type":"ImageObject","inLanguage":"en-US","@id":"https:\/\/neolaina.fi\/#\/schema\/logo\/image\/","url":"https:\/\/neolaina.fi\/wp-content\/uploads\/2023\/06\/cash24-fi-logo.svg","contentUrl":"https:\/\/neolaina.fi\/wp-content\/uploads\/2023\/06\/cash24-fi-logo.svg","width":196,"height":42,"caption":"Neolaina.fi"},"image":{"@id":"https:\/\/neolaina.fi\/#\/schema\/logo\/image\/"}}]}},"_links":{"self":[{"href":"https:\/\/neolaina.fi\/index.php?rest_route=\/wp\/v2\/pages\/416","targetHints":{"allow":["GET"]}}],"collection":[{"href":"https:\/\/neolaina.fi\/index.php?rest_route=\/wp\/v2\/pages"}],"about":[{"href":"https:\/\/neolaina.fi\/index.php?rest_route=\/wp\/v2\/types\/page"}],"author":[{"embeddable":true,"href":"https:\/\/neolaina.fi\/index.php?rest_route=\/wp\/v2\/users\/2"}],"replies":[{"embeddable":true,"href":"https:\/\/neolaina.fi\/index.php?rest_route=%2Fwp%2Fv2%2Fcomments&post=416"}],"version-history":[{"count":53,"href":"https:\/\/neolaina.fi\/index.php?rest_route=\/wp\/v2\/pages\/416\/revisions"}],"predecessor-version":[{"id":1514,"href":"https:\/\/neolaina.fi\/index.php?rest_route=\/wp\/v2\/pages\/416\/revisions\/1514"}],"wp:featuredmedia":[{"embeddable":true,"href":"https:\/\/neolaina.fi\/index.php?rest_route=\/wp\/v2\/media\/998"}],"wp:attachment":[{"href":"https:\/\/neolaina.fi\/index.php?rest_route=%2Fwp%2Fv2%2Fmedia&parent=416"}],"curies":[{"name":"wp","href":"https:\/\/api.w.org\/{rel}","templated":true}]}}