{"id":436,"date":"2023-06-15T10:28:27","date_gmt":"2023-06-15T10:28:27","guid":{"rendered":"https:\/\/neolaina.fi\/?page_id=436"},"modified":"2025-03-26T14:59:27","modified_gmt":"2025-03-26T12:59:27","slug":"500-euron-laina-jokaiseen-tarkoitukseen","status":"publish","type":"page","link":"https:\/\/neolaina.fi\/?page_id=436","title":{"rendered":"500 euron laina jokaiseen tarkoitukseen"},"content":{"rendered":"","protected":false},"excerpt":{"rendered":"","protected":false},"author":2,"featured_media":998,"parent":0,"menu_order":0,"comment_status":"closed","ping_status":"closed","template":"small-amount.php","meta":{"inline_featured_image":false,"footnotes":""},"class_list":["post-436","page","type-page","status-publish","has-post-thumbnail","hentry"],"acf":[],"yoast_head":"<!-- This site is optimized with the Yoast SEO plugin v27.4 - https:\/\/yoast.com\/product\/yoast-seo-wordpress\/ -->\n<title>500 euron lyhytaikainen laina kattamaan odottamattomia kuluja - Neolaina.fi<\/title>\n<meta name=\"description\" content=\"Kata yll\u00e4tt\u00e4v\u00e4t laskut, auton korjaukset, kodin korjaukset tai henkil\u00f6kohtaiset kulut 500 euron lyhytaikaisella lainalla Neolaina.fi:st\u00e4.\" \/>\n<meta name=\"robots\" content=\"index, follow, max-snippet:-1, max-image-preview:large, max-video-preview:-1\" \/>\n<link rel=\"canonical\" href=\"https:\/\/neolaina.fi\/?page_id=436\" \/>\n<meta property=\"og:locale\" content=\"en_US\" \/>\n<meta property=\"og:type\" content=\"article\" \/>\n<meta property=\"og:title\" content=\"500 euron lyhytaikainen laina kattamaan odottamattomia kuluja - Neolaina.fi\" \/>\n<meta property=\"og:description\" content=\"Kata yll\u00e4tt\u00e4v\u00e4t laskut, auton korjaukset, kodin korjaukset tai henkil\u00f6kohtaiset kulut 500 euron lyhytaikaisella lainalla Neolaina.fi:st\u00e4.\" \/>\n<meta property=\"og:url\" content=\"https:\/\/neolaina.fi\/?page_id=436\" \/>\n<meta property=\"og:site_name\" content=\"Neolaina.fi\" \/>\n<meta property=\"article:modified_time\" content=\"2025-03-26T12:59:27+00:00\" \/>\n<meta property=\"og:image\" content=\"https:\/\/neolaina.fi\/wp-content\/uploads\/2023\/08\/Neolaina-meta-hero.png\" \/>\n\t<meta property=\"og:image:width\" content=\"1200\" \/>\n\t<meta property=\"og:image:height\" content=\"630\" \/>\n\t<meta property=\"og:image:type\" content=\"image\/png\" \/>\n<meta name=\"twitter:card\" content=\"summary_large_image\" \/>\n<meta name=\"twitter:label1\" content=\"Est. reading time\" \/>\n\t<meta name=\"twitter:data1\" content=\"1 minute\" \/>\n<script type=\"application\/ld+json\" class=\"yoast-schema-graph\">{\"@context\":\"https:\\\/\\\/schema.org\",\"@graph\":[{\"@type\":\"WebPage\",\"@id\":\"https:\\\/\\\/neolaina.fi\\\/?page_id=436\",\"url\":\"https:\\\/\\\/neolaina.fi\\\/?page_id=436\",\"name\":\"500 euron lyhytaikainen laina kattamaan odottamattomia kuluja - Neolaina.fi\",\"isPartOf\":{\"@id\":\"https:\\\/\\\/neolaina.fi\\\/#website\"},\"primaryImageOfPage\":{\"@id\":\"https:\\\/\\\/neolaina.fi\\\/?page_id=436#primaryimage\"},\"image\":{\"@id\":\"https:\\\/\\\/neolaina.fi\\\/?page_id=436#primaryimage\"},\"thumbnailUrl\":\"https:\\\/\\\/neolaina.fi\\\/wp-content\\\/uploads\\\/2023\\\/08\\\/Neolaina-meta-hero.png\",\"datePublished\":\"2023-06-15T10:28:27+00:00\",\"dateModified\":\"2025-03-26T12:59:27+00:00\",\"description\":\"Kata yll\u00e4tt\u00e4v\u00e4t laskut, auton korjaukset, kodin korjaukset tai henkil\u00f6kohtaiset kulut 500 euron lyhytaikaisella lainalla Neolaina.fi:st\u00e4.\",\"breadcrumb\":{\"@id\":\"https:\\\/\\\/neolaina.fi\\\/?page_id=436#breadcrumb\"},\"inLanguage\":\"en-US\",\"potentialAction\":[{\"@type\":\"ReadAction\",\"target\":[\"https:\\\/\\\/neolaina.fi\\\/?page_id=436\"]}]},{\"@type\":\"ImageObject\",\"inLanguage\":\"en-US\",\"@id\":\"https:\\\/\\\/neolaina.fi\\\/?page_id=436#primaryimage\",\"url\":\"https:\\\/\\\/neolaina.fi\\\/wp-content\\\/uploads\\\/2023\\\/08\\\/Neolaina-meta-hero.png\",\"contentUrl\":\"https:\\\/\\\/neolaina.fi\\\/wp-content\\\/uploads\\\/2023\\\/08\\\/Neolaina-meta-hero.png\",\"width\":1200,\"height\":630,\"caption\":\"Neolaina meta hero\"},{\"@type\":\"BreadcrumbList\",\"@id\":\"https:\\\/\\\/neolaina.fi\\\/?page_id=436#breadcrumb\",\"itemListElement\":[{\"@type\":\"ListItem\",\"position\":1,\"name\":\"Home\",\"item\":\"https:\\\/\\\/neolaina.fi\\\/\"},{\"@type\":\"ListItem\",\"position\":2,\"name\":\"500 euron laina jokaiseen tarkoitukseen\"}]},{\"@type\":\"WebSite\",\"@id\":\"https:\\\/\\\/neolaina.fi\\\/#website\",\"url\":\"https:\\\/\\\/neolaina.fi\\\/\",\"name\":\"Neolaina.fi\",\"description\":\"Neolaina pikalaina, vippi\",\"publisher\":{\"@id\":\"https:\\\/\\\/neolaina.fi\\\/#organization\"},\"potentialAction\":[{\"@type\":\"SearchAction\",\"target\":{\"@type\":\"EntryPoint\",\"urlTemplate\":\"https:\\\/\\\/neolaina.fi\\\/?s={search_term_string}\"},\"query-input\":{\"@type\":\"PropertyValueSpecification\",\"valueRequired\":true,\"valueName\":\"search_term_string\"}}],\"inLanguage\":\"en-US\"},{\"@type\":\"Organization\",\"@id\":\"https:\\\/\\\/neolaina.fi\\\/#organization\",\"name\":\"Neolaina.fi\",\"url\":\"https:\\\/\\\/neolaina.fi\\\/\",\"logo\":{\"@type\":\"ImageObject\",\"inLanguage\":\"en-US\",\"@id\":\"https:\\\/\\\/neolaina.fi\\\/#\\\/schema\\\/logo\\\/image\\\/\",\"url\":\"https:\\\/\\\/neolaina.fi\\\/wp-content\\\/uploads\\\/2023\\\/06\\\/cash24-fi-logo.svg\",\"contentUrl\":\"https:\\\/\\\/neolaina.fi\\\/wp-content\\\/uploads\\\/2023\\\/06\\\/cash24-fi-logo.svg\",\"width\":196,\"height\":42,\"caption\":\"Neolaina.fi\"},\"image\":{\"@id\":\"https:\\\/\\\/neolaina.fi\\\/#\\\/schema\\\/logo\\\/image\\\/\"}}]}<\/script>\n<!-- \/ Yoast SEO plugin. -->","yoast_head_json":{"title":"500 euron lyhytaikainen laina kattamaan odottamattomia kuluja - Neolaina.fi","description":"Kata yll\u00e4tt\u00e4v\u00e4t laskut, auton korjaukset, kodin korjaukset tai henkil\u00f6kohtaiset kulut 500 euron lyhytaikaisella lainalla Neolaina.fi:st\u00e4.","robots":{"index":"index","follow":"follow","max-snippet":"max-snippet:-1","max-image-preview":"max-image-preview:large","max-video-preview":"max-video-preview:-1"},"canonical":"https:\/\/neolaina.fi\/?page_id=436","og_locale":"en_US","og_type":"article","og_title":"500 euron lyhytaikainen laina kattamaan odottamattomia kuluja - Neolaina.fi","og_description":"Kata yll\u00e4tt\u00e4v\u00e4t laskut, auton korjaukset, kodin korjaukset tai henkil\u00f6kohtaiset kulut 500 euron lyhytaikaisella lainalla Neolaina.fi:st\u00e4.","og_url":"https:\/\/neolaina.fi\/?page_id=436","og_site_name":"Neolaina.fi","article_modified_time":"2025-03-26T12:59:27+00:00","og_image":[{"width":1200,"height":630,"url":"https:\/\/neolaina.fi\/wp-content\/uploads\/2023\/08\/Neolaina-meta-hero.png","type":"image\/png"}],"twitter_card":"summary_large_image","twitter_misc":{"Est. reading time":"1 minute"},"schema":{"@context":"https:\/\/schema.org","@graph":[{"@type":"WebPage","@id":"https:\/\/neolaina.fi\/?page_id=436","url":"https:\/\/neolaina.fi\/?page_id=436","name":"500 euron lyhytaikainen laina kattamaan odottamattomia kuluja - Neolaina.fi","isPartOf":{"@id":"https:\/\/neolaina.fi\/#website"},"primaryImageOfPage":{"@id":"https:\/\/neolaina.fi\/?page_id=436#primaryimage"},"image":{"@id":"https:\/\/neolaina.fi\/?page_id=436#primaryimage"},"thumbnailUrl":"https:\/\/neolaina.fi\/wp-content\/uploads\/2023\/08\/Neolaina-meta-hero.png","datePublished":"2023-06-15T10:28:27+00:00","dateModified":"2025-03-26T12:59:27+00:00","description":"Kata yll\u00e4tt\u00e4v\u00e4t laskut, auton korjaukset, kodin korjaukset tai henkil\u00f6kohtaiset kulut 500 euron lyhytaikaisella lainalla Neolaina.fi:st\u00e4.","breadcrumb":{"@id":"https:\/\/neolaina.fi\/?page_id=436#breadcrumb"},"inLanguage":"en-US","potentialAction":[{"@type":"ReadAction","target":["https:\/\/neolaina.fi\/?page_id=436"]}]},{"@type":"ImageObject","inLanguage":"en-US","@id":"https:\/\/neolaina.fi\/?page_id=436#primaryimage","url":"https:\/\/neolaina.fi\/wp-content\/uploads\/2023\/08\/Neolaina-meta-hero.png","contentUrl":"https:\/\/neolaina.fi\/wp-content\/uploads\/2023\/08\/Neolaina-meta-hero.png","width":1200,"height":630,"caption":"Neolaina meta hero"},{"@type":"BreadcrumbList","@id":"https:\/\/neolaina.fi\/?page_id=436#breadcrumb","itemListElement":[{"@type":"ListItem","position":1,"name":"Home","item":"https:\/\/neolaina.fi\/"},{"@type":"ListItem","position":2,"name":"500 euron laina jokaiseen tarkoitukseen"}]},{"@type":"WebSite","@id":"https:\/\/neolaina.fi\/#website","url":"https:\/\/neolaina.fi\/","name":"Neolaina.fi","description":"Neolaina pikalaina, vippi","publisher":{"@id":"https:\/\/neolaina.fi\/#organization"},"potentialAction":[{"@type":"SearchAction","target":{"@type":"EntryPoint","urlTemplate":"https:\/\/neolaina.fi\/?s={search_term_string}"},"query-input":{"@type":"PropertyValueSpecification","valueRequired":true,"valueName":"search_term_string"}}],"inLanguage":"en-US"},{"@type":"Organization","@id":"https:\/\/neolaina.fi\/#organization","name":"Neolaina.fi","url":"https:\/\/neolaina.fi\/","logo":{"@type":"ImageObject","inLanguage":"en-US","@id":"https:\/\/neolaina.fi\/#\/schema\/logo\/image\/","url":"https:\/\/neolaina.fi\/wp-content\/uploads\/2023\/06\/cash24-fi-logo.svg","contentUrl":"https:\/\/neolaina.fi\/wp-content\/uploads\/2023\/06\/cash24-fi-logo.svg","width":196,"height":42,"caption":"Neolaina.fi"},"image":{"@id":"https:\/\/neolaina.fi\/#\/schema\/logo\/image\/"}}]}},"_links":{"self":[{"href":"https:\/\/neolaina.fi\/index.php?rest_route=\/wp\/v2\/pages\/436","targetHints":{"allow":["GET"]}}],"collection":[{"href":"https:\/\/neolaina.fi\/index.php?rest_route=\/wp\/v2\/pages"}],"about":[{"href":"https:\/\/neolaina.fi\/index.php?rest_route=\/wp\/v2\/types\/page"}],"author":[{"embeddable":true,"href":"https:\/\/neolaina.fi\/index.php?rest_route=\/wp\/v2\/users\/2"}],"replies":[{"embeddable":true,"href":"https:\/\/neolaina.fi\/index.php?rest_route=%2Fwp%2Fv2%2Fcomments&post=436"}],"version-history":[{"count":38,"href":"https:\/\/neolaina.fi\/index.php?rest_route=\/wp\/v2\/pages\/436\/revisions"}],"predecessor-version":[{"id":1478,"href":"https:\/\/neolaina.fi\/index.php?rest_route=\/wp\/v2\/pages\/436\/revisions\/1478"}],"wp:featuredmedia":[{"embeddable":true,"href":"https:\/\/neolaina.fi\/index.php?rest_route=\/wp\/v2\/media\/998"}],"wp:attachment":[{"href":"https:\/\/neolaina.fi\/index.php?rest_route=%2Fwp%2Fv2%2Fmedia&parent=436"}],"curies":[{"name":"wp","href":"https:\/\/api.w.org\/{rel}","templated":true}]}}